{"id":9,"date":"2025-11-22T21:35:43","date_gmt":"2025-11-22T20:35:43","guid":{"rendered":"https:\/\/environme.se\/?page_id=9"},"modified":"2026-04-10T12:35:31","modified_gmt":"2026-04-10T10:35:31","slug":"startsida","status":"publish","type":"page","link":"https:\/\/environme.se\/en\/","title":{"rendered":"Startsida"},"content":{"rendered":"<div class=\"wp-block-cover alignfull wp-duotone-unset-1\" style=\"border-radius:0px;min-height:100vh;aspect-ratio:unset;\"><video class=\"wp-block-cover__video-background intrinsic-ignore\" autoplay muted loop playsinline src=\"https:\/\/environme.se\/wp-content\/uploads\/2025\/11\/1443653-uhd_4096_2160_24fps.mp4\" style=\"object-position:52% 50%\" data-object-fit=\"cover\" data-object-position=\"52% 50%\"><\/video><span aria-hidden=\"true\" class=\"wp-block-cover__background has-background-dim-0 has-background-dim\" style=\"background-color:#FFF\"><\/span><div class=\"wp-block-cover__inner-container has-global-padding is-layout-constrained wp-block-cover-is-layout-constrained\"><style>.wp-block-kadence-advancedheading.kt-adv-heading9_dcdffb-eb, .wp-block-kadence-advancedheading.kt-adv-heading9_dcdffb-eb[data-kb-block=\"kb-adv-heading9_dcdffb-eb\"]{text-align:center;font-size:45px;font-weight:400;font-style:normal;font-family:Raleway;text-transform:none;color:#f2efe7;}.wp-block-kadence-advancedheading.kt-adv-heading9_dcdffb-eb mark.kt-highlight, .wp-block-kadence-advancedheading.kt-adv-heading9_dcdffb-eb[data-kb-block=\"kb-adv-heading9_dcdffb-eb\"] mark.kt-highlight{font-style:normal;color:#f76a0c;-webkit-box-decoration-break:clone;box-decoration-break:clone;padding-top:0px;padding-right:0px;padding-bottom:0px;padding-left:0px;}.wp-block-kadence-advancedheading.kt-adv-heading9_dcdffb-eb img.kb-inline-image, .wp-block-kadence-advancedheading.kt-adv-heading9_dcdffb-eb[data-kb-block=\"kb-adv-heading9_dcdffb-eb\"] img.kb-inline-image{width:150px;vertical-align:baseline;}@media all and (max-width: 767px){.wp-block-kadence-advancedheading.kt-adv-heading9_dcdffb-eb, .wp-block-kadence-advancedheading.kt-adv-heading9_dcdffb-eb[data-kb-block=\"kb-adv-heading9_dcdffb-eb\"]{font-size:var(--global-kb-font-size-xl, 3rem);}}<\/style>\n<h2 class=\"kt-adv-heading9_dcdffb-eb wp-block-kadence-advancedheading\" data-kb-block=\"kb-adv-heading9_dcdffb-eb\"><strong>Smart solutions for environmental monitoring<\/strong><\/h2>\n\n\n<style>.wp-block-kadence-advancedheading.kt-adv-heading9_3f0a0d-52, .wp-block-kadence-advancedheading.kt-adv-heading9_3f0a0d-52[data-kb-block=\"kb-adv-heading9_3f0a0d-52\"]{text-align:center;font-size:25px;font-weight:400;font-style:normal;font-family:Raleway;text-transform:none;color:#f2efe7;}.wp-block-kadence-advancedheading.kt-adv-heading9_3f0a0d-52 mark.kt-highlight, .wp-block-kadence-advancedheading.kt-adv-heading9_3f0a0d-52[data-kb-block=\"kb-adv-heading9_3f0a0d-52\"] mark.kt-highlight{font-style:normal;color:#f76a0c;-webkit-box-decoration-break:clone;box-decoration-break:clone;padding-top:0px;padding-right:0px;padding-bottom:0px;padding-left:0px;}.wp-block-kadence-advancedheading.kt-adv-heading9_3f0a0d-52 img.kb-inline-image, .wp-block-kadence-advancedheading.kt-adv-heading9_3f0a0d-52[data-kb-block=\"kb-adv-heading9_3f0a0d-52\"] img.kb-inline-image{width:150px;vertical-align:baseline;}@media all and (max-width: 767px){.wp-block-kadence-advancedheading.kt-adv-heading9_3f0a0d-52, .wp-block-kadence-advancedheading.kt-adv-heading9_3f0a0d-52[data-kb-block=\"kb-adv-heading9_3f0a0d-52\"]{font-size:20px;}}<\/style>\n<h2 class=\"kt-adv-heading9_3f0a0d-52 wp-block-kadence-advancedheading\" data-kb-block=\"kb-adv-heading9_3f0a0d-52\">Engineered technology. Exceptional support. Perfectly balanced.<\/h2>\n\n\n\n<div style=\"height:35px\" aria-hidden=\"true\" class=\"wp-block-spacer\"><\/div>\n\n\n\n<div style=\"height:0px\" aria-hidden=\"true\" class=\"wp-block-spacer\"><\/div>\n\n\n\n<div class=\"wp-block-buttons is-content-justification-center is-layout-flex wp-container-core-buttons-is-layout-a89b3969 wp-block-buttons-is-layout-flex\">\n<div class=\"wp-block-button is-style-fill\"><a class=\"wp-block-button__link has-text-color has-background wp-element-button\" href=\"https:\/\/environme.se\/en\/om\/\" style=\"border-radius:50px;color:#0d271b;background-color:#f2efe7\">Our vision<\/a><\/div>\n\n\n\n<div class=\"wp-block-button is-style-fill\"><a class=\"wp-block-button__link has-text-color has-background wp-element-button\" href=\"https:\/\/environme.se\/en\/produkter\/\" style=\"border-radius:50px;color:#0d271b;background-color:#f2efe7\">Our products<\/a><\/div>\n<\/div>\n<\/div><\/div>\n\n\n\n<div class=\"wp-block-group alignfull has-global-padding is-layout-constrained wp-block-group-is-layout-constrained\">\n<div class=\"wp-block-group has-global-padding is-layout-constrained wp-block-group-is-layout-constrained\" style=\"padding-top:var(--wp--preset--spacing--small);padding-bottom:var(--wp--preset--spacing--small)\">\n<div class=\"wp-block-columns is-layout-flex wp-container-core-columns-is-layout-c375d253 wp-block-columns-is-layout-flex\">\n<div class=\"wp-block-column is-vertically-aligned-center is-layout-flow wp-block-column-is-layout-flow\">\n<h2 class=\"wp-block-heading has-medium-font-size\" style=\"text-transform:uppercase\">Our services<\/h2>\n\n\n\n<p>With advanced, high-technology equipment, we help you measure vibrations, noise, and structural movements to minimize risks and create a safer environment for both surroundings and people. We combine cutting-edge technology with experienced advisory support to enable confident, well-informed decisions. Learn more about how we can support your specific needs.<\/p>\n\n\n\n<h2 class=\"wp-block-heading has-medium-font-size\" style=\"text-transform:uppercase\">About us<\/h2>\n\n\n\n<p>Fifty years of combined experience in managing environmental impact led us here. We recognized the need for a new alternative\u2014one that delivers not only high-technology equipment, but equally strong support for our customers. The result is Environ Measurement Equipment.<\/p>\n\n\n\n<div class=\"wp-block-buttons is-horizontal is-content-justification-left is-layout-flex wp-container-core-buttons-is-layout-20be11b6 wp-block-buttons-is-layout-flex\">\n<div class=\"wp-block-button is-style-outline is-style-outline--2\"><a class=\"wp-block-button__link wp-element-button\" href=\"https:\/\/environme.se\/en\/om\/\" style=\"border-radius:50px\">Read more<\/a><\/div>\n<\/div>\n<\/div>\n\n\n\n<div class=\"wp-block-column is-layout-flow wp-block-column-is-layout-flow\">\n<figure class=\"wp-block-image aligncenter size-large is-resized has-custom-border\"><img loading=\"lazy\" decoding=\"async\" width=\"683\" height=\"1024\" src=\"https:\/\/environme.se\/wp-content\/uploads\/2025\/12\/pexels-packermann-1666021-683x1024.jpg\" alt=\"\" class=\"has-border-color has-white-border-color wp-image-195\" style=\"border-width:1px;border-radius:50px;width:348px;height:auto\" srcset=\"https:\/\/environme.se\/wp-content\/uploads\/2025\/12\/pexels-packermann-1666021-683x1024.jpg 683w, https:\/\/environme.se\/wp-content\/uploads\/2025\/12\/pexels-packermann-1666021-200x300.jpg 200w, https:\/\/environme.se\/wp-content\/uploads\/2025\/12\/pexels-packermann-1666021-2000x3000.jpg 2000w, https:\/\/environme.se\/wp-content\/uploads\/2025\/12\/pexels-packermann-1666021-scaled-8x12.jpg 8w, https:\/\/environme.se\/wp-content\/uploads\/2025\/12\/pexels-packermann-1666021-scaled.jpg 1707w\" sizes=\"auto, (max-width: 683px) 100vw, 683px\" \/><\/figure>\n<\/div>\n<\/div>\n<\/div>\n<\/div>\n\n\n\n<div class=\"wp-block-group alignfull has-background has-global-padding is-layout-constrained wp-block-group-is-layout-constrained\">\n<div class=\"wp-block-group has-global-padding is-layout-constrained wp-block-group-is-layout-constrained\" style=\"padding-top:var(--wp--preset--spacing--small);padding-bottom:var(--wp--preset--spacing--small)\">\n<div class=\"wp-block-columns is-layout-flex wp-container-core-columns-is-layout-c375d253 wp-block-columns-is-layout-flex\">\n<div class=\"wp-block-column is-layout-flow wp-block-column-is-layout-flow\">\n<figure class=\"wp-block-image size-large is-resized has-custom-border\"><img loading=\"lazy\" decoding=\"async\" width=\"1024\" height=\"683\" src=\"https:\/\/environme.se\/wp-content\/uploads\/2025\/11\/pexels-efrem-efre-2786187-29984634-1024x683.jpg\" alt=\"\" class=\"has-border-color has-white-border-color wp-image-29\" style=\"border-width:1px;border-radius:50px;width:449px;height:auto\" srcset=\"https:\/\/environme.se\/wp-content\/uploads\/2025\/11\/pexels-efrem-efre-2786187-29984634-1024x683.jpg 1024w, https:\/\/environme.se\/wp-content\/uploads\/2025\/11\/pexels-efrem-efre-2786187-29984634-300x200.jpg 300w, https:\/\/environme.se\/wp-content\/uploads\/2025\/11\/pexels-efrem-efre-2786187-29984634-2000x1333.jpg 2000w, https:\/\/environme.se\/wp-content\/uploads\/2025\/11\/pexels-efrem-efre-2786187-29984634-scaled-18x12.jpg 18w\" sizes=\"auto, (max-width: 1024px) 100vw, 1024px\" \/><\/figure>\n<\/div>\n\n\n\n<div class=\"wp-block-column is-vertically-aligned-center is-layout-flow wp-block-column-is-layout-flow\">\n<h2 class=\"wp-block-heading has-medium-font-size\" style=\"text-transform:uppercase\">Our products<\/h2>\n\n\n\n<p>Together with established manufacturers, our goal is to offer the Nordic market a broad range of measurement equipment. <\/p>\n\n\n\n<p>Explore the products we currently offer.<\/p>\n\n\n\n<div class=\"wp-block-buttons is-layout-flex wp-block-buttons-is-layout-flex\">\n<div class=\"wp-block-button is-style-outline is-style-outline--3\"><a class=\"wp-block-button__link wp-element-button\" href=\"https:\/\/environme.se\/en\/produkter\/\" style=\"border-radius:50px\">Read more<\/a><\/div>\n<\/div>\n<\/div>\n<\/div>\n\n\n\n<div style=\"height:30px\" aria-hidden=\"true\" class=\"wp-block-spacer\"><\/div>\n<\/div>\n<\/div>\n\n\n\n<hr class=\"wp-block-separator aligncenter has-alpha-channel-opacity is-style-wide\"\/>","protected":false},"excerpt":{"rendered":"<p>V\u00e5ra tj\u00e4nster Med avancerad och h\u00f6gteknologisk utrustning kan vi hj\u00e4lpa er att m\u00e4ta vibrationer, buller och strukturella r\u00f6relser f\u00f6r att minimerar risker och skapa trygghet f\u00f6r omgivning och milj\u00f6. Vi kombinerar avancerad teknik med erfaren r\u00e5dgivning f\u00f6r att ni snabbt ska kunna fatta s\u00e4kra beslut. L\u00e4s mer om hur vi kan st\u00f6tta just er. Om &hellip; <\/p>\n<p class=\"link-more\"><a href=\"https:\/\/environme.se\/en\/\" class=\"more-link\">Read more<span class=\"screen-reader-text\"> &#8221;Startsida&#8221;<\/span><\/a><\/p>","protected":false},"author":1,"featured_media":0,"parent":0,"menu_order":0,"comment_status":"closed","ping_status":"closed","template":"page-templates\/homepage-builder-bb.php","meta":{"footnotes":""},"class_list":["post-9","page","type-page","status-publish","hentry"],"_links":{"self":[{"href":"https:\/\/environme.se\/en\/wp-json\/wp\/v2\/pages\/9","targetHints":{"allow":["GET"]}}],"collection":[{"href":"https:\/\/environme.se\/en\/wp-json\/wp\/v2\/pages"}],"about":[{"href":"https:\/\/environme.se\/en\/wp-json\/wp\/v2\/types\/page"}],"author":[{"embeddable":true,"href":"https:\/\/environme.se\/en\/wp-json\/wp\/v2\/users\/1"}],"replies":[{"embeddable":true,"href":"https:\/\/environme.se\/en\/wp-json\/wp\/v2\/comments?post=9"}],"version-history":[{"count":35,"href":"https:\/\/environme.se\/en\/wp-json\/wp\/v2\/pages\/9\/revisions"}],"predecessor-version":[{"id":440,"href":"https:\/\/environme.se\/en\/wp-json\/wp\/v2\/pages\/9\/revisions\/440"}],"wp:attachment":[{"href":"https:\/\/environme.se\/en\/wp-json\/wp\/v2\/media?parent=9"}],"curies":[{"name":"wp","href":"https:\/\/api.w.org\/{rel}","templated":true}]}}