{"id":10,"date":"2025-11-22T21:36:56","date_gmt":"2025-11-22T20:36:56","guid":{"rendered":"https:\/\/environme.se\/?page_id=10"},"modified":"2026-01-19T15:32:50","modified_gmt":"2026-01-19T14:32:50","slug":"om","status":"publish","type":"page","link":"https:\/\/environme.se\/en\/om\/","title":{"rendered":"About us"},"content":{"rendered":"<div style=\"height:0px\" aria-hidden=\"true\" class=\"wp-block-spacer\"><\/div>\n\n\n\n<div class=\"wp-block-columns is-layout-flex wp-container-core-columns-is-layout-28f84493 wp-block-columns-is-layout-flex\">\n<div class=\"wp-block-column is-layout-flow wp-block-column-is-layout-flow\">\n<p class=\"has-medium-font-size\"><strong>Our vision<\/strong><\/p>\n\n\n\n<p>Our vision is to make environmental monitoring simple, modern, and reliable. We aim to create an industry where high-technology equipment and first-class support go hand in hand\u2014providing customers with faster responses, better oversight, and more secure projects. Through innovation, precision, and a strong focus on service, we strive to become the natural choice for anyone who needs to monitor or manage their surroundings.<\/p>\n\n\n\n<p class=\"has-medium-font-size\"><strong>Who we are<\/strong><\/p>\n\n\n\n<p>We are Environ \u2014 a team dedicated to making advanced environmental monitoring accessible, reliable, and modern. Environ represents technical expertise, extensive experience, and a strong focus on service. With more than 50 years of combined experience, we are committed to putting that knowledge to work in the best possible way. We would be happy to meet and tell you more, as well as demonstrate our products.<\/p>\n<\/div>\n\n\n\n<div class=\"wp-block-column is-layout-flow wp-block-column-is-layout-flow\">\n<figure class=\"wp-block-image aligncenter size-large is-resized has-custom-border\"><img loading=\"lazy\" decoding=\"async\" width=\"683\" height=\"1024\" src=\"https:\/\/environme.se\/wp-content\/uploads\/2025\/12\/pexels-clement-proust-363898785-14716179-683x1024.jpg\" alt=\"\" class=\"has-border-color has-white-border-color wp-image-198\" style=\"border-width:1px;border-radius:50px;aspect-ratio:0.6682284887924801;width:313px;height:auto\" srcset=\"https:\/\/environme.se\/wp-content\/uploads\/2025\/12\/pexels-clement-proust-363898785-14716179-683x1024.jpg 683w, https:\/\/environme.se\/wp-content\/uploads\/2025\/12\/pexels-clement-proust-363898785-14716179-200x300.jpg 200w, https:\/\/environme.se\/wp-content\/uploads\/2025\/12\/pexels-clement-proust-363898785-14716179-2000x3000.jpg 2000w, https:\/\/environme.se\/wp-content\/uploads\/2025\/12\/pexels-clement-proust-363898785-14716179-scaled-8x12.jpg 8w, https:\/\/environme.se\/wp-content\/uploads\/2025\/12\/pexels-clement-proust-363898785-14716179-scaled.jpg 1707w\" sizes=\"auto, (max-width: 683px) 100vw, 683px\" \/><\/figure>\n\n\n\n<p class=\"has-medium-font-size\"><\/p>\n<\/div>\n<\/div>\n\n\n\n<div style=\"height:32px\" aria-hidden=\"true\" class=\"wp-block-spacer\"><\/div>\n\n\n\n<div class=\"wp-block-columns is-layout-flex wp-container-core-columns-is-layout-28f84493 wp-block-columns-is-layout-flex\">\n<div class=\"wp-block-column is-layout-flow wp-block-column-is-layout-flow\">\n<h2 class=\"wp-block-heading\">The team behind Environ<\/h2>\n\n\n\n<div class=\"wp-block-buttons is-content-justification-left is-layout-flex wp-container-core-buttons-is-layout-fc4fd283 wp-block-buttons-is-layout-flex\">\n<div class=\"wp-block-button is-style-outline is-style-outline--1\"><a class=\"wp-block-button__link has-text-align-center wp-element-button\" href=\"https:\/\/environme.se\/en\/kontakt\/\" style=\"border-radius:50px\">Contact us<\/a><\/div>\n<\/div>\n<\/div>\n\n\n\n<div class=\"wp-block-column is-layout-flow wp-block-column-is-layout-flow\"><\/div>\n<\/div>\n\n\n\n<div style=\"height:0px\" aria-hidden=\"true\" class=\"wp-block-spacer\"><\/div>\n\n\n\n<div class=\"wp-block-columns is-layout-flex wp-container-core-columns-is-layout-28f84493 wp-block-columns-is-layout-flex\">\n<div class=\"wp-block-column is-style-default is-layout-flow wp-block-column-is-layout-flow\" style=\"border-style:none;border-width:0px;padding-top:0;padding-right:0;padding-bottom:0;padding-left:0\">\n<figure class=\"wp-block-image size-full is-resized has-custom-border is-style-default\"><img loading=\"lazy\" decoding=\"async\" width=\"1082\" height=\"1528\" src=\"https:\/\/environme.se\/wp-content\/uploads\/2025\/12\/MK.png\" alt=\"\" class=\"wp-image-167\" style=\"border-radius:50px;aspect-ratio:0.7081294531719461;width:250px;height:auto\" srcset=\"https:\/\/environme.se\/wp-content\/uploads\/2025\/12\/MK.png 1082w, https:\/\/environme.se\/wp-content\/uploads\/2025\/12\/MK-212x300.png 212w, https:\/\/environme.se\/wp-content\/uploads\/2025\/12\/MK-725x1024.png 725w, https:\/\/environme.se\/wp-content\/uploads\/2025\/12\/MK-8x12.png 8w\" sizes=\"auto, (max-width: 1082px) 100vw, 1082px\" \/><\/figure>\n\n\n\n<h3 class=\"wp-block-heading\">Martin Kr\u00fcger<\/h3>\n\n\n\n<p class=\"has-tertiary-color has-text-color has-link-color wp-elements-d2b5838f46090ea744a6a5678f5342e5\">co-founder | CTO<\/p>\n\n\n\n<p>With eight years of experience in environmental impact monitoring, Martin has worked closely with the technology, the projects, and the people involved. This experience has provided a strong understanding of what it takes to deliver both high-quality equipment and reliable support.<\/p>\n<\/div>\n\n\n\n<div class=\"wp-block-column is-style-default is-layout-flow wp-block-column-is-layout-flow\" style=\"border-style:none;border-width:0px;padding-top:0;padding-right:0;padding-bottom:0;padding-left:0\">\n<figure class=\"wp-block-image size-full is-resized has-custom-border\"><img loading=\"lazy\" decoding=\"async\" width=\"1084\" height=\"1532\" src=\"https:\/\/environme.se\/wp-content\/uploads\/2025\/12\/MJ.png\" alt=\"\" class=\"wp-image-169\" style=\"border-radius:50px;aspect-ratio:0.7075827757762909;width:250px;height:auto\" srcset=\"https:\/\/environme.se\/wp-content\/uploads\/2025\/12\/MJ.png 1084w, https:\/\/environme.se\/wp-content\/uploads\/2025\/12\/MJ-212x300.png 212w, https:\/\/environme.se\/wp-content\/uploads\/2025\/12\/MJ-725x1024.png 725w, https:\/\/environme.se\/wp-content\/uploads\/2025\/12\/MJ-8x12.png 8w\" sizes=\"auto, (max-width: 1084px) 100vw, 1084px\" \/><\/figure>\n\n\n\n<h3 class=\"wp-block-heading\">Magnus Jansen<\/h3>\n\n\n\n<p class=\"has-tertiary-color has-text-color has-link-color wp-elements-e77c7f0cc368ad790d65c068b5ae4664\">co-founder | CFO<\/p>\n\n\n\n<p>With extensive experience in financial leadership across multiple industries, combined with an MBA from the Thunderbird School of Global Management in Arizona, Magnus brings strong strategic insight together with solid operational expertise.<\/p>\n<\/div>\n\n\n\n<div class=\"wp-block-column is-style-default is-layout-flow wp-block-column-is-layout-flow\" style=\"border-style:none;border-width:0px;padding-top:0;padding-right:0;padding-bottom:0;padding-left:0\">\n<h3 class=\"wp-block-heading\"><\/h3>\n<\/div>\n<\/div>\n\n\n\n<div style=\"height:59px\" aria-hidden=\"true\" class=\"wp-block-spacer\"><\/div>\n\n\n\n<div style=\"height:35px\" aria-hidden=\"true\" class=\"wp-block-spacer\"><\/div>\n\n\n\n<hr class=\"wp-block-separator has-alpha-channel-opacity is-style-wide\"\/>\n\n\n\n<p><\/p>","protected":false},"excerpt":{"rendered":"<p>V\u00e5r vision V\u00e5r vision \u00e4r att g\u00f6ra omgivningsm\u00e4tning enkel, modern och tillf\u00f6rlitlig. Vi vill skapa en bransch d\u00e4r h\u00f6gteknologisk utrustning och f\u00f6rstklassig support g\u00e5r hand i hand \u2013 d\u00e4r kunder f\u00e5r snabbare svar, b\u00e4ttre \u00f6verblick och tryggare projekt. Genom innovation, precision och ett starkt fokus p\u00e5 service str\u00e4var vi efter att bli det sj\u00e4lvklara valet &hellip; <\/p>\n<p class=\"link-more\"><a href=\"https:\/\/environme.se\/en\/om\/\" class=\"more-link\">Read more<span class=\"screen-reader-text\"> &#8221;Om oss&#8221;<\/span><\/a><\/p>","protected":false},"author":1,"featured_media":202,"parent":0,"menu_order":0,"comment_status":"closed","ping_status":"closed","template":"","meta":{"footnotes":""},"class_list":["post-10","page","type-page","status-publish","has-post-thumbnail","hentry"],"_links":{"self":[{"href":"https:\/\/environme.se\/en\/wp-json\/wp\/v2\/pages\/10","targetHints":{"allow":["GET"]}}],"collection":[{"href":"https:\/\/environme.se\/en\/wp-json\/wp\/v2\/pages"}],"about":[{"href":"https:\/\/environme.se\/en\/wp-json\/wp\/v2\/types\/page"}],"author":[{"embeddable":true,"href":"https:\/\/environme.se\/en\/wp-json\/wp\/v2\/users\/1"}],"replies":[{"embeddable":true,"href":"https:\/\/environme.se\/en\/wp-json\/wp\/v2\/comments?post=10"}],"version-history":[{"count":28,"href":"https:\/\/environme.se\/en\/wp-json\/wp\/v2\/pages\/10\/revisions"}],"predecessor-version":[{"id":270,"href":"https:\/\/environme.se\/en\/wp-json\/wp\/v2\/pages\/10\/revisions\/270"}],"wp:featuredmedia":[{"embeddable":true,"href":"https:\/\/environme.se\/en\/wp-json\/wp\/v2\/media\/202"}],"wp:attachment":[{"href":"https:\/\/environme.se\/en\/wp-json\/wp\/v2\/media?parent=10"}],"curies":[{"name":"wp","href":"https:\/\/api.w.org\/{rel}","templated":true}]}}